{"id":202,"date":"2018-10-12T11:42:47","date_gmt":"2018-10-12T11:42:47","guid":{"rendered":"http:\/\/stacjabadawcza.pl\/?page_id=202"},"modified":"2025-02-05T11:34:16","modified_gmt":"2025-02-05T11:34:16","slug":"warsztaty","status":"publish","type":"page","link":"https:\/\/stacjabadawcza.pl\/?page_id=202","title":{"rendered":"Warsztaty"},"content":{"rendered":"<p><strong>Warsztaty Rozwojowe i Terapeutyczne<\/strong><br \/>\nW ramach statusowych cel\u00f3w fundacji prowadzimy warsztaty terapeutyczne, grupy wsparcia, a tak\u017ce warsztaty rozwojowe dla grup dzieci i doros\u0142ych, dla grup zorganizowanych: przedszkoli i szk\u00f3\u0142. Spotkania odbywaj\u0105 si\u0119 w Stacji Badawczej w \u015awi\u0119tochowie, 35 km od Warszawy.<\/p>\n<p><strong>Grupy wsparcia i grupy teraputyczne dla dzieci, m\u0142odzie\u017cy i doros\u0142ych.<br \/>\n<\/strong><strong>Aktualnie prowadzone grupy:<\/strong><\/p>\n<ul>\n<li>Grupa terapeutyczna dla m\u0142odzie\u017cy z ADHD<\/li>\n<li>Grupa terapeutyczna dla dzieci w Spektrum Autyzmu<\/li>\n<li>Grupa wsparcia dla rodzic\u00f3w nastolatk\u00f3w<\/li>\n<li>Grupa wsparcia dla rodzin w sytuacji i trudno\u015bci oko\u0142orozwodowych<\/li>\n<li>Grupa wsparcia rodzin dotkni\u0119tych przemoc\u0105 (wspieramy osoby doznaj\u0105ce przemocy i wspieramy w terapii i zmianie osoby stosuj\u0105ce przemoc)<\/li>\n<\/ul>\n<p><strong><br \/>\nSpotkania warsztatowe i zielone szko\u0142y dla przedszkoli i szk\u00f3\u0142<br \/>\n<\/strong>Dzie\u0144 warsztatowy w Stacji Badawczej przygotowujemy dla ka\u017cdej grupy\u00a0 indywidualnie, pod\u0105\u017caj\u0105c za potrzebami jej uczestnik\u00f3w, dobieraj\u0105c warsztaty naukowe do potrzeb edukacyjnych i spo\u0142ecznych danej grupy i etapu przerabianego materia\u0142u programu szkolnego. Pracujemy zgodnie z ideami Jespera Juula, z poszanowaniem integralno\u015bci i niezale\u017cno\u015bci dzieci i doros\u0142ych, wsp\u00f3\u0142tworz\u0105cych spo\u0142ecze\u0144stwo. Zale\u017cy nam na tym, \u017ceby warsztaty by\u0142y pe\u0142ne zabawy, pasji i rado\u015bci. Wyb\u00f3r warsztat\u00f3w pozostawiamy do wsp\u00f3lnego om\u00f3wienia.<\/p>\n<p><strong>Plany wielodniowych pobyt\u00f3w w Stacji Badawczej opracowujemy indywidualnie dla ka\u017cdej grupy.<br \/>\nDzie\u0144 jednodniowego pobytu grupy w Stacji Badawczej m\u00f3g\u0142by wygl\u0105da\u0107 nast\u0119puj\u0105co:<\/strong><\/p>\n<p>09.30 -10.00 &#8211; POWITANIE<br \/>\nTo czas na wsp\u00f3lne poznanie si\u0119 i poznanie planu dnia.<\/p>\n<p>10.00 -11.00 &#8211; TERENOWA GRA BADAWCZA<br \/>\n&#8211;\u00a0 forma integracyjnej zabawy edukacyjnej\u00a0 po\u0142\u0105czonej z zagadnieniami z zakresu arytmetyki, kartografii, geometrii, fizyki, chemii i biologii na poziomie poznawczym danej grupy.<\/p>\n<p>11:00 &#8211; 11.15\u00a0 &#8211; ODKRYCIA NAUKOWE<br \/>\nZapoznamy dzieci z najnowszymi odkryciami naukowymi i wsp\u00f3lnie zastanowimy si\u0119 jaki mog\u0105 mie\u0107 wp\u0142yw na nas, na nasz\u0105 planet\u0119 i organizmy na niej \u017cyj\u0105ce.<\/p>\n<p>11:15 &#8211; 11:30 &#8211; INPIRATORNIA<br \/>\nTo przestrze\u0144 na poznanie niezwyk\u0142ych tw\u00f3rc\u00f3w, artyst\u00f3w, rzemie\u015blnik\u00f3w i ich wytwor\u00f3w, dzie\u0142, dzia\u0142 ten jest \u015bci\u015ble powi\u0105zany z wybranymi przez grup\u0119 aktywno\u015bciami warsztatowymi.<\/p>\n<p>(podzia\u0142 na 2, 3\u00a0 grupy warsztatowe &#8211; w zale\u017cno\u015bci od ilo\u015bci uczestnik\u00f3w &#8211; na warsztatach pracujemy z grupami 10 os)<br \/>\n11:15 &#8211; 12:00 &#8211; GR. I &#8211; WARSZTATY NAUKOWE\u00a0 (tematyka warsztatu do om\u00f3wienia)<br \/>\n11:15 &#8211; 12:00 &#8211; GR. II &#8211; FAB LAB (warsztaty konstruktorskie tematyka do om\u00f3wienia)<br \/>\n11:15 &#8211; 12:00 &#8211; GR. III &#8211; WARSZTATY MALARSKIE\/WARSZTATY SENSORYCZNE<\/p>\n<p>OBIAD 12:00 &#8211; 13:00<br \/>\n(praca w 3 grupach warsztatowych przy 30 os. grupie)<br \/>\n13:00 &#8211; 14:00\u00a0 &#8211; II WARSZTATY NAUKOWE<br \/>\n13:00 &#8211; 14:00 &#8211; III FAB LAB<br \/>\n13:00 &#8211; 14:00 &#8211; I PRACOWNIA MALARSKA<\/p>\n<p>14:00 &#8211; 14.45 &#8211; III WARSZTATY NAUKOWE<br \/>\n14:00 &#8211; 14.45 &#8211; I FAB LAB<br \/>\n14:00 &#8211; 14.45 &#8211; II PRACOWNIA MALARSKA<\/p>\n<p>14:45 &#8211; 15:00 OGNISKO<br \/>\n15:30 &#8211; 16:00 ZAKO\u0143CZENIE, PODSUMOWANIE DNIA<\/p>\n<p><strong>\u00a0Warsztaty Wielkanocne marzec\/kwiecie\u0144<br \/>\ni Prezentownia &#8211; Listopad\/Grudzie\u0144 &#8211; 2025 r.<br \/>\n<\/strong><\/p>\n<p>Co roku zapraszamy na \u015bwi\u0105teczne warsztaty czyli do naszej Prezentowni. Wsp\u00f3lnie z uczestnikami poznamy tradycje \u015bwi\u0105teczne (wielkanocne lub bo\u017conarodzeniowe) istniej\u0105ce w Europie i na innych kontynentach naszej kuli ziemskiej a nast\u0119pnie w\u00a0 pracowniach Stacji Badawczej stworzymy wspania\u0142e tematyczne ozdoby \u015bwi\u0105teczne z drewna, metalu, papieru i gliny i przede wszystkim prezenty dla najbli\u017cszych &#8211; ka\u017cdy zrealizuje projekty wg w\u0142asnego pomys\u0142u.<\/p>\n","protected":false},"excerpt":{"rendered":"<p>Warsztaty Rozwojowe i Terapeutyczne W ramach statusowych cel\u00f3w fundacji prowadzimy warsztaty terapeutyczne, grupy wsparcia, a tak\u017ce warsztaty rozwojowe dla grup dzieci i doros\u0142ych, dla grup zorganizowanych: przedszkoli i szk\u00f3\u0142. Spotkania odbywaj\u0105 si\u0119 w Stacji Badawczej w \u015awi\u0119tochowie, 35 km od Warszawy. Grupy wsparcia i grupy teraputyczne dla dzieci, m\u0142odzie\u017cy i doros\u0142ych. Aktualnie prowadzone grupy: Grupa [&hellip;]<\/p>\n","protected":false},"author":1,"featured_media":0,"parent":0,"menu_order":0,"comment_status":"closed","ping_status":"closed","template":"","meta":[],"_links":{"self":[{"href":"https:\/\/stacjabadawcza.pl\/index.php?rest_route=\/wp\/v2\/pages\/202"}],"collection":[{"href":"https:\/\/stacjabadawcza.pl\/index.php?rest_route=\/wp\/v2\/pages"}],"about":[{"href":"https:\/\/stacjabadawcza.pl\/index.php?rest_route=\/wp\/v2\/types\/page"}],"author":[{"embeddable":true,"href":"https:\/\/stacjabadawcza.pl\/index.php?rest_route=\/wp\/v2\/users\/1"}],"replies":[{"embeddable":true,"href":"https:\/\/stacjabadawcza.pl\/index.php?rest_route=%2Fwp%2Fv2%2Fcomments&post=202"}],"version-history":[{"count":25,"href":"https:\/\/stacjabadawcza.pl\/index.php?rest_route=\/wp\/v2\/pages\/202\/revisions"}],"predecessor-version":[{"id":1027,"href":"https:\/\/stacjabadawcza.pl\/index.php?rest_route=\/wp\/v2\/pages\/202\/revisions\/1027"}],"wp:attachment":[{"href":"https:\/\/stacjabadawcza.pl\/index.php?rest_route=%2Fwp%2Fv2%2Fmedia&parent=202"}],"curies":[{"name":"wp","href":"https:\/\/api.w.org\/{rel}","templated":true}]}}